{"id":1489,"date":"2025-02-05T16:29:36","date_gmt":"2025-02-05T16:29:36","guid":{"rendered":"https:\/\/enoturismo.filipepalhoca.pt\/?post_type=product&#038;p=1489"},"modified":"2026-02-10T15:38:24","modified_gmt":"2026-02-10T15:38:24","slug":"vino-a-pincel-en-las-vinhas-da-invejosa-copia","status":"publish","type":"product","link":"https:\/\/enoturismo.filipepalhoca.pt\/es\/experiencias\/sin categor\u00eda\/vino-a-pincel-en-las-vinhas-da-invejosa-copia\/","title":{"rendered":"Vino a pincel en las Vinhas da Invejosa (C\u00f3pia)"},"content":{"rendered":"<p><strong><span style=\"vertical-align: inherit;\"><span style=\"vertical-align: inherit;\"><span style=\"vertical-align: inherit;\"><span style=\"vertical-align: inherit;\">Notas<\/span><\/span><\/span><\/span><\/strong><br \/>\n<span style=\"vertical-align: inherit;\"><span style=\"vertical-align: inherit;\"><span style=\"vertical-align: inherit;\"><span style=\"vertical-align: inherit;\"> Duraci\u00f3n estimada: 1h30-2h. <\/span><\/span><\/span><\/span><br \/>\n<span style=\"vertical-align: inherit;\"><span style=\"vertical-align: inherit;\"><span style=\"vertical-align: inherit;\"><span style=\"vertical-align: inherit;\">Idiomas: portugu\u00e9s e ingl\u00e9s. <\/span><\/span><\/span><\/span><br \/>\n<span style=\"vertical-align: inherit;\"><span style=\"vertical-align: inherit;\"><span style=\"vertical-align: inherit;\"><span style=\"vertical-align: inherit;\">Los precios incluyen el IVA al tipo legal vigente. <\/span><\/span><\/span><\/span><br \/>\n<span style=\"vertical-align: inherit;\"><span style=\"vertical-align: inherit;\"><span style=\"vertical-align: inherit;\"><span style=\"vertical-align: inherit;\">La cata de vinos s\u00f3lo est\u00e1 permitida a mayores de 18 a\u00f1os.<\/span><\/span><\/span><\/span><br \/>\n<span style=\"vertical-align: inherit;\"><span style=\"vertical-align: inherit;\"><span style=\"vertical-align: inherit;\"><span style=\"vertical-align: inherit;\">Precio por familia 2 adultos + 2 ni\u00f1os (hasta 14 a\u00f1os).<\/span><\/span><\/span><\/span><\/p>\n","protected":false},"excerpt":{"rendered":"<p><span style=\"vertical-align: inherit;\"><span style=\"vertical-align: inherit;\"><span style=\"vertical-align: inherit;\"><span style=\"vertical-align: inherit;\">Actividad de pintura con vino para toda la familia. Incluye tambi\u00e9n una botella de vino tinto Vinhas da Invejosa y una tabla de quesos y tostadas (zumo y galletas para los m\u00e1s peque\u00f1os). Todo el material necesario para la actividad incluido. Lienzo ofrecido al final de la actividad.   <\/span><\/span><\/span><\/span><\/p>\n","protected":false},"featured_media":1784,"comment_status":"open","ping_status":"closed","template":"","meta":[],"product_brand":[],"product_cat":[],"product_tag":[],"class_list":{"0":"post-1489","1":"product","2":"type-product","3":"status-publish","4":"has-post-thumbnail","7":"first","8":"instock","9":"virtual","10":"sold-individually","11":"purchasable","12":"product-type-phive_booking"},"yoast_head":"<!-- This site is optimized with the Yoast SEO plugin v25.9 - https:\/\/yoast.com\/wordpress\/plugins\/seo\/ -->\n<title>Vino a pincel en las Vinhas da Invejosa (C\u00f3pia) - Enoturismo Filipe Palho\u00e7a<\/title>\n<meta name=\"robots\" content=\"index, follow, max-snippet:-1, max-image-preview:large, max-video-preview:-1\" \/>\n<link rel=\"canonical\" href=\"https:\/\/enoturismo.filipepalhoca.pt\/es\/experiencias\/sin%20categor\u00eda\/vino-a-pincel-en-las-vinhas-da-invejosa-copia\/\" \/>\n<meta property=\"og:locale\" content=\"es_ES\" \/>\n<meta property=\"og:type\" content=\"article\" \/>\n<meta property=\"og:title\" content=\"Vino a pincel en las Vinhas da Invejosa (C\u00f3pia) - Enoturismo Filipe Palho\u00e7a\" \/>\n<meta property=\"og:description\" content=\"Actividad de pintura con vino para toda la familia. Incluye tambi\u00e9n una botella de vino tinto Vinhas da Invejosa y una tabla de quesos y tostadas (zumo y galletas para los m\u00e1s peque\u00f1os). Todo el material necesario para la actividad incluido. Lienzo ofrecido al final de la actividad.\" \/>\n<meta property=\"og:url\" content=\"https:\/\/enoturismo.filipepalhoca.pt\/es\/experiencias\/sin categor\u00eda\/vino-a-pincel-en-las-vinhas-da-invejosa-copia\/\" \/>\n<meta property=\"og:site_name\" content=\"Enoturismo Filipe Palho\u00e7a\" \/>\n<meta property=\"article:publisher\" content=\"https:\/\/www.facebook.com\/filipepalhoca\/\" \/>\n<meta property=\"article:modified_time\" content=\"2026-02-10T15:38:24+00:00\" \/>\n<meta property=\"og:image\" content=\"https:\/\/enoturismo.filipepalhoca.pt\/wp-content\/uploads\/2025\/02\/amor_e_vinho_exp.webp\" \/>\n\t<meta property=\"og:image:width\" content=\"1200\" \/>\n\t<meta property=\"og:image:height\" content=\"1200\" \/>\n\t<meta property=\"og:image:type\" content=\"image\/webp\" \/>\n<meta name=\"twitter:card\" content=\"summary_large_image\" \/>\n<script type=\"application\/ld+json\" class=\"yoast-schema-graph\">{\"@context\":\"https:\/\/schema.org\",\"@graph\":[{\"@type\":\"WebPage\",\"@id\":\"https:\/\/enoturismo.filipepalhoca.pt\/es\/experiencias\/sin categor\u00eda\/vino-a-pincel-en-las-vinhas-da-invejosa-copia\/\",\"url\":\"https:\/\/enoturismo.filipepalhoca.pt\/es\/experiencias\/sin categor\u00eda\/vino-a-pincel-en-las-vinhas-da-invejosa-copia\/\",\"name\":\"Vino a pincel en las Vinhas da Invejosa (C\u00f3pia) - Enoturismo Filipe Palho\u00e7a\",\"isPartOf\":{\"@id\":\"https:\/\/enoturismo.filipepalhoca.pt\/es\/#website\"},\"primaryImageOfPage\":{\"@id\":\"https:\/\/enoturismo.filipepalhoca.pt\/es\/experiencias\/sin categor\u00eda\/vino-a-pincel-en-las-vinhas-da-invejosa-copia\/#primaryimage\"},\"image\":{\"@id\":\"https:\/\/enoturismo.filipepalhoca.pt\/es\/experiencias\/sin categor\u00eda\/vino-a-pincel-en-las-vinhas-da-invejosa-copia\/#primaryimage\"},\"thumbnailUrl\":\"https:\/\/enoturismo.filipepalhoca.pt\/wp-content\/uploads\/2025\/02\/amor_e_vinho_exp.webp\",\"datePublished\":\"2025-02-05T16:29:36+00:00\",\"dateModified\":\"2026-02-10T15:38:24+00:00\",\"breadcrumb\":{\"@id\":\"https:\/\/enoturismo.filipepalhoca.pt\/es\/experiencias\/sin categor\u00eda\/vino-a-pincel-en-las-vinhas-da-invejosa-copia\/#breadcrumb\"},\"inLanguage\":\"es\",\"potentialAction\":[{\"@type\":\"ReadAction\",\"target\":[\"https:\/\/enoturismo.filipepalhoca.pt\/es\/experiencias\/sin categor\u00eda\/vino-a-pincel-en-las-vinhas-da-invejosa-copia\/\"]}]},{\"@type\":\"ImageObject\",\"inLanguage\":\"es\",\"@id\":\"https:\/\/enoturismo.filipepalhoca.pt\/es\/experiencias\/sin categor\u00eda\/vino-a-pincel-en-las-vinhas-da-invejosa-copia\/#primaryimage\",\"url\":\"https:\/\/enoturismo.filipepalhoca.pt\/wp-content\/uploads\/2025\/02\/amor_e_vinho_exp.webp\",\"contentUrl\":\"https:\/\/enoturismo.filipepalhoca.pt\/wp-content\/uploads\/2025\/02\/amor_e_vinho_exp.webp\",\"width\":1200,\"height\":1200},{\"@type\":\"BreadcrumbList\",\"@id\":\"https:\/\/enoturismo.filipepalhoca.pt\/es\/experiencias\/sin categor\u00eda\/vino-a-pincel-en-las-vinhas-da-invejosa-copia\/#breadcrumb\",\"itemListElement\":[{\"@type\":\"ListItem\",\"position\":1,\"name\":\"In\u00edcio\",\"item\":\"https:\/\/enoturismo.filipepalhoca.pt\/es\/\"},{\"@type\":\"ListItem\",\"position\":2,\"name\":\"Experi\u00eancias\",\"item\":\"https:\/\/enoturismo.filipepalhoca.pt\/experiencias\/\"},{\"@type\":\"ListItem\",\"position\":3,\"name\":\"Vino a pincel en las Vinhas da Invejosa (C\u00f3pia)\"}]},{\"@type\":\"WebSite\",\"@id\":\"https:\/\/enoturismo.filipepalhoca.pt\/es\/#website\",\"url\":\"https:\/\/enoturismo.filipepalhoca.pt\/es\/\",\"name\":\"Enoturismo Filipe Palho\u00e7a\",\"description\":\"\",\"publisher\":{\"@id\":\"https:\/\/enoturismo.filipepalhoca.pt\/es\/#organization\"},\"potentialAction\":[{\"@type\":\"SearchAction\",\"target\":{\"@type\":\"EntryPoint\",\"urlTemplate\":\"https:\/\/enoturismo.filipepalhoca.pt\/es\/?s={search_term_string}\"},\"query-input\":{\"@type\":\"PropertyValueSpecification\",\"valueRequired\":true,\"valueName\":\"search_term_string\"}}],\"inLanguage\":\"es\"},{\"@type\":\"Organization\",\"@id\":\"https:\/\/enoturismo.filipepalhoca.pt\/es\/#organization\",\"name\":\"Filipe Palho\u00e7a\",\"url\":\"https:\/\/enoturismo.filipepalhoca.pt\/es\/\",\"logo\":{\"@type\":\"ImageObject\",\"inLanguage\":\"es\",\"@id\":\"https:\/\/enoturismo.filipepalhoca.pt\/es\/#\/schema\/logo\/image\/\",\"url\":\"https:\/\/enoturismo.filipepalhoca.pt\/wp-content\/uploads\/2023\/08\/logo-white.svg\",\"contentUrl\":\"https:\/\/enoturismo.filipepalhoca.pt\/wp-content\/uploads\/2023\/08\/logo-white.svg\",\"width\":370,\"height\":282,\"caption\":\"Filipe Palho\u00e7a\"},\"image\":{\"@id\":\"https:\/\/enoturismo.filipepalhoca.pt\/es\/#\/schema\/logo\/image\/\"},\"sameAs\":[\"https:\/\/www.facebook.com\/filipepalhoca\/\",\"https:\/\/www.instagram.com\/filipepalhoca\/\",\"https:\/\/www.linkedin.com\/company\/filipepalhoca\/\"]}]}<\/script>\n<!-- \/ Yoast SEO plugin. -->","yoast_head_json":{"title":"Vino a pincel en las Vinhas da Invejosa (C\u00f3pia) - Enoturismo Filipe Palho\u00e7a","robots":{"index":"index","follow":"follow","max-snippet":"max-snippet:-1","max-image-preview":"max-image-preview:large","max-video-preview":"max-video-preview:-1"},"canonical":"https:\/\/enoturismo.filipepalhoca.pt\/es\/experiencias\/sin categor\u00eda\/vino-a-pincel-en-las-vinhas-da-invejosa-copia\/","og_locale":"es_ES","og_type":"article","og_title":"Vino a pincel en las Vinhas da Invejosa (C\u00f3pia) - Enoturismo Filipe Palho\u00e7a","og_description":"Actividad de pintura con vino para toda la familia. Incluye tambi\u00e9n una botella de vino tinto Vinhas da Invejosa y una tabla de quesos y tostadas (zumo y galletas para los m\u00e1s peque\u00f1os). Todo el material necesario para la actividad incluido. Lienzo ofrecido al final de la actividad.","og_url":"https:\/\/enoturismo.filipepalhoca.pt\/es\/experiencias\/sin categor\u00eda\/vino-a-pincel-en-las-vinhas-da-invejosa-copia\/","og_site_name":"Enoturismo Filipe Palho\u00e7a","article_publisher":"https:\/\/www.facebook.com\/filipepalhoca\/","article_modified_time":"2026-02-10T15:38:24+00:00","og_image":[{"width":1200,"height":1200,"url":"https:\/\/enoturismo.filipepalhoca.pt\/wp-content\/uploads\/2025\/02\/amor_e_vinho_exp.webp","type":"image\/webp"}],"twitter_card":"summary_large_image","schema":{"@context":"https:\/\/schema.org","@graph":[{"@type":"WebPage","@id":"https:\/\/enoturismo.filipepalhoca.pt\/es\/experiencias\/sin categor\u00eda\/vino-a-pincel-en-las-vinhas-da-invejosa-copia\/","url":"https:\/\/enoturismo.filipepalhoca.pt\/es\/experiencias\/sin categor\u00eda\/vino-a-pincel-en-las-vinhas-da-invejosa-copia\/","name":"Vino a pincel en las Vinhas da Invejosa (C\u00f3pia) - Enoturismo Filipe Palho\u00e7a","isPartOf":{"@id":"https:\/\/enoturismo.filipepalhoca.pt\/es\/#website"},"primaryImageOfPage":{"@id":"https:\/\/enoturismo.filipepalhoca.pt\/es\/experiencias\/sin categor\u00eda\/vino-a-pincel-en-las-vinhas-da-invejosa-copia\/#primaryimage"},"image":{"@id":"https:\/\/enoturismo.filipepalhoca.pt\/es\/experiencias\/sin categor\u00eda\/vino-a-pincel-en-las-vinhas-da-invejosa-copia\/#primaryimage"},"thumbnailUrl":"https:\/\/enoturismo.filipepalhoca.pt\/wp-content\/uploads\/2025\/02\/amor_e_vinho_exp.webp","datePublished":"2025-02-05T16:29:36+00:00","dateModified":"2026-02-10T15:38:24+00:00","breadcrumb":{"@id":"https:\/\/enoturismo.filipepalhoca.pt\/es\/experiencias\/sin categor\u00eda\/vino-a-pincel-en-las-vinhas-da-invejosa-copia\/#breadcrumb"},"inLanguage":"es","potentialAction":[{"@type":"ReadAction","target":["https:\/\/enoturismo.filipepalhoca.pt\/es\/experiencias\/sin categor\u00eda\/vino-a-pincel-en-las-vinhas-da-invejosa-copia\/"]}]},{"@type":"ImageObject","inLanguage":"es","@id":"https:\/\/enoturismo.filipepalhoca.pt\/es\/experiencias\/sin categor\u00eda\/vino-a-pincel-en-las-vinhas-da-invejosa-copia\/#primaryimage","url":"https:\/\/enoturismo.filipepalhoca.pt\/wp-content\/uploads\/2025\/02\/amor_e_vinho_exp.webp","contentUrl":"https:\/\/enoturismo.filipepalhoca.pt\/wp-content\/uploads\/2025\/02\/amor_e_vinho_exp.webp","width":1200,"height":1200},{"@type":"BreadcrumbList","@id":"https:\/\/enoturismo.filipepalhoca.pt\/es\/experiencias\/sin categor\u00eda\/vino-a-pincel-en-las-vinhas-da-invejosa-copia\/#breadcrumb","itemListElement":[{"@type":"ListItem","position":1,"name":"In\u00edcio","item":"https:\/\/enoturismo.filipepalhoca.pt\/es\/"},{"@type":"ListItem","position":2,"name":"Experi\u00eancias","item":"https:\/\/enoturismo.filipepalhoca.pt\/experiencias\/"},{"@type":"ListItem","position":3,"name":"Vino a pincel en las Vinhas da Invejosa (C\u00f3pia)"}]},{"@type":"WebSite","@id":"https:\/\/enoturismo.filipepalhoca.pt\/es\/#website","url":"https:\/\/enoturismo.filipepalhoca.pt\/es\/","name":"Enoturismo Filipe Palho\u00e7a","description":"","publisher":{"@id":"https:\/\/enoturismo.filipepalhoca.pt\/es\/#organization"},"potentialAction":[{"@type":"SearchAction","target":{"@type":"EntryPoint","urlTemplate":"https:\/\/enoturismo.filipepalhoca.pt\/es\/?s={search_term_string}"},"query-input":{"@type":"PropertyValueSpecification","valueRequired":true,"valueName":"search_term_string"}}],"inLanguage":"es"},{"@type":"Organization","@id":"https:\/\/enoturismo.filipepalhoca.pt\/es\/#organization","name":"Filipe Palho\u00e7a","url":"https:\/\/enoturismo.filipepalhoca.pt\/es\/","logo":{"@type":"ImageObject","inLanguage":"es","@id":"https:\/\/enoturismo.filipepalhoca.pt\/es\/#\/schema\/logo\/image\/","url":"https:\/\/enoturismo.filipepalhoca.pt\/wp-content\/uploads\/2023\/08\/logo-white.svg","contentUrl":"https:\/\/enoturismo.filipepalhoca.pt\/wp-content\/uploads\/2023\/08\/logo-white.svg","width":370,"height":282,"caption":"Filipe Palho\u00e7a"},"image":{"@id":"https:\/\/enoturismo.filipepalhoca.pt\/es\/#\/schema\/logo\/image\/"},"sameAs":["https:\/\/www.facebook.com\/filipepalhoca\/","https:\/\/www.instagram.com\/filipepalhoca\/","https:\/\/www.linkedin.com\/company\/filipepalhoca\/"]}]}},"_links":{"self":[{"href":"https:\/\/enoturismo.filipepalhoca.pt\/es\/wp-json\/wp\/v2\/product\/1489","targetHints":{"allow":["GET"]}}],"collection":[{"href":"https:\/\/enoturismo.filipepalhoca.pt\/es\/wp-json\/wp\/v2\/product"}],"about":[{"href":"https:\/\/enoturismo.filipepalhoca.pt\/es\/wp-json\/wp\/v2\/types\/product"}],"replies":[{"embeddable":true,"href":"https:\/\/enoturismo.filipepalhoca.pt\/es\/wp-json\/wp\/v2\/comments?post=1489"}],"version-history":[{"count":1,"href":"https:\/\/enoturismo.filipepalhoca.pt\/es\/wp-json\/wp\/v2\/product\/1489\/revisions"}],"predecessor-version":[{"id":1499,"href":"https:\/\/enoturismo.filipepalhoca.pt\/es\/wp-json\/wp\/v2\/product\/1489\/revisions\/1499"}],"wp:featuredmedia":[{"embeddable":true,"href":"https:\/\/enoturismo.filipepalhoca.pt\/es\/wp-json\/wp\/v2\/media\/1784"}],"wp:attachment":[{"href":"https:\/\/enoturismo.filipepalhoca.pt\/es\/wp-json\/wp\/v2\/media?parent=1489"}],"wp:term":[{"taxonomy":"product_brand","embeddable":true,"href":"https:\/\/enoturismo.filipepalhoca.pt\/es\/wp-json\/wp\/v2\/product_brand?post=1489"},{"taxonomy":"product_cat","embeddable":true,"href":"https:\/\/enoturismo.filipepalhoca.pt\/es\/wp-json\/wp\/v2\/product_cat?post=1489"},{"taxonomy":"product_tag","embeddable":true,"href":"https:\/\/enoturismo.filipepalhoca.pt\/es\/wp-json\/wp\/v2\/product_tag?post=1489"}],"curies":[{"name":"wp","href":"https:\/\/api.w.org\/{rel}","templated":true}]}}