{"id":1251,"date":"2023-08-08T13:40:28","date_gmt":"2023-08-08T13:40:28","guid":{"rendered":"https:\/\/enoturismo.filipepalhoca.pt\/experiencias\/sin%20categor\u00eda\/programa-cosecha-2024\/"},"modified":"2025-11-13T12:37:19","modified_gmt":"2025-11-13T12:37:19","slug":"programa-cosecha","status":"publish","type":"product","link":"https:\/\/enoturismo.filipepalhoca.pt\/es\/experiencias\/familia-es\/programa-cosecha\/","title":{"rendered":"Programa Cosecha 2024"},"content":{"rendered":"<p><strong>Programa<\/strong> 9.30 h: Recepci\u00f3n del grupo con desayuno y reparto del kit de vendimia 10 h: Visita a los vi\u00f1edos y vendimia manual; visita guiada a la bodega; pisado de uva a pie y degustaci\u00f3n de 3 vinos con tabla de quesos 12.30 h\/13 h: Comida 15.30 h: Fin <strong>Precios<\/strong> 50\u20ac por persona 25\u20ac para ni\u00f1os de 4 a 17 a\u00f1os Menores de 3 a\u00f1os gratis <strong>Notas<\/strong> 10% de descuento en la tienda <strong>EL D\u00cdA DEL EVENTO<\/strong>. Todos los precios incluyen el IVA al tipo legal. El pago debe realizarse antes del d\u00eda del programa para confirmar la reserva. No se admiten devoluciones por cancelaciones con menos de 72 horas de antelaci\u00f3n. Duraci\u00f3n prevista: 6 horas. N\u00famero de participantes: m\u00e1ximo 40. Idiomas: portugu\u00e9s e ingl\u00e9s. Los precios incluyen el IVA al tipo legal vigente. La cata de vinos s\u00f3lo est\u00e1 permitida a mayores de 18 a\u00f1os. Se recomienda calzado adecuado y ropa ligera, ya que la actividad implica salir al campo. Le sugerimos que nos informe de cualquier restricci\u00f3n diet\u00e9tica o alergia para que podamos adaptar nuestra oferta. El kit de vendimia incluye camiseta, sombrero de paja y botella de agua.           <\/p>\n","protected":false},"excerpt":{"rendered":"<p>Venga a vivir la autenticidad del momento culminante del a\u00f1o: la cosecha de la uva. El 14 o el 21 de septiembre, venga a vendimiar con nosotros y viva el ambiente \u00fanico de nuestros vi\u00f1edos. Incluye visita guiada a la bodega, cata de vinos con tabla de quesos y almuerzo.  <\/p>\n","protected":false},"featured_media":926,"comment_status":"open","ping_status":"closed","template":"","meta":[],"product_brand":[],"product_cat":[28],"product_tag":[],"class_list":{"0":"post-1251","1":"product","2":"type-product","3":"status-publish","4":"has-post-thumbnail","6":"product_cat-familia-es","8":"first","9":"instock","10":"sold-individually","11":"shipping-taxable","12":"purchasable","13":"product-type-phive_booking"},"yoast_head":"<!-- This site is optimized with the Yoast SEO plugin v25.9 - https:\/\/yoast.com\/wordpress\/plugins\/seo\/ -->\n<title>Programa Cosecha 2024 - Enoturismo Filipe Palho\u00e7a<\/title>\n<meta name=\"robots\" content=\"index, follow, max-snippet:-1, max-image-preview:large, max-video-preview:-1\" \/>\n<link rel=\"canonical\" href=\"https:\/\/enoturismo.filipepalhoca.pt\/es\/experiencias\/familia-es\/programa-cosecha\/\" \/>\n<meta property=\"og:locale\" content=\"es_ES\" \/>\n<meta property=\"og:type\" content=\"article\" \/>\n<meta property=\"og:title\" content=\"Programa Cosecha 2024 - Enoturismo Filipe Palho\u00e7a\" \/>\n<meta property=\"og:description\" content=\"Venga a vivir la autenticidad del momento culminante del a\u00f1o: la cosecha de la uva. El 14 o el 21 de septiembre, venga a vendimiar con nosotros y viva el ambiente \u00fanico de nuestros vi\u00f1edos. Incluye visita guiada a la bodega, cata de vinos con tabla de quesos y almuerzo.\" \/>\n<meta property=\"og:url\" content=\"https:\/\/enoturismo.filipepalhoca.pt\/es\/experiencias\/familia-es\/programa-cosecha\/\" \/>\n<meta property=\"og:site_name\" content=\"Enoturismo Filipe Palho\u00e7a\" \/>\n<meta property=\"article:publisher\" content=\"https:\/\/www.facebook.com\/filipepalhoca\/\" \/>\n<meta property=\"article:modified_time\" content=\"2025-11-13T12:37:19+00:00\" \/>\n<meta property=\"og:image\" content=\"https:\/\/enoturismo.filipepalhoca.pt\/wp-content\/uploads\/2023\/08\/programa-de-vindima-2024.webp\" \/>\n\t<meta property=\"og:image:width\" content=\"1080\" \/>\n\t<meta property=\"og:image:height\" content=\"1080\" \/>\n\t<meta property=\"og:image:type\" content=\"image\/webp\" \/>\n<meta name=\"twitter:card\" content=\"summary_large_image\" \/>\n<meta name=\"twitter:label1\" content=\"Tiempo de lectura\" \/>\n\t<meta name=\"twitter:data1\" content=\"1 minuto\" \/>\n<script type=\"application\/ld+json\" class=\"yoast-schema-graph\">{\"@context\":\"https:\/\/schema.org\",\"@graph\":[{\"@type\":\"WebPage\",\"@id\":\"https:\/\/enoturismo.filipepalhoca.pt\/es\/experiencias\/familia-es\/programa-cosecha\/\",\"url\":\"https:\/\/enoturismo.filipepalhoca.pt\/es\/experiencias\/familia-es\/programa-cosecha\/\",\"name\":\"Programa Cosecha 2024 - Enoturismo Filipe Palho\u00e7a\",\"isPartOf\":{\"@id\":\"https:\/\/enoturismo.filipepalhoca.pt\/es\/#website\"},\"primaryImageOfPage\":{\"@id\":\"https:\/\/enoturismo.filipepalhoca.pt\/es\/experiencias\/familia-es\/programa-cosecha\/#primaryimage\"},\"image\":{\"@id\":\"https:\/\/enoturismo.filipepalhoca.pt\/es\/experiencias\/familia-es\/programa-cosecha\/#primaryimage\"},\"thumbnailUrl\":\"https:\/\/enoturismo.filipepalhoca.pt\/wp-content\/uploads\/2023\/08\/programa-de-vindima-2024.webp\",\"datePublished\":\"2023-08-08T13:40:28+00:00\",\"dateModified\":\"2025-11-13T12:37:19+00:00\",\"breadcrumb\":{\"@id\":\"https:\/\/enoturismo.filipepalhoca.pt\/es\/experiencias\/familia-es\/programa-cosecha\/#breadcrumb\"},\"inLanguage\":\"es\",\"potentialAction\":[{\"@type\":\"ReadAction\",\"target\":[\"https:\/\/enoturismo.filipepalhoca.pt\/es\/experiencias\/familia-es\/programa-cosecha\/\"]}]},{\"@type\":\"ImageObject\",\"inLanguage\":\"es\",\"@id\":\"https:\/\/enoturismo.filipepalhoca.pt\/es\/experiencias\/familia-es\/programa-cosecha\/#primaryimage\",\"url\":\"https:\/\/enoturismo.filipepalhoca.pt\/wp-content\/uploads\/2023\/08\/programa-de-vindima-2024.webp\",\"contentUrl\":\"https:\/\/enoturismo.filipepalhoca.pt\/wp-content\/uploads\/2023\/08\/programa-de-vindima-2024.webp\",\"width\":1080,\"height\":1080},{\"@type\":\"BreadcrumbList\",\"@id\":\"https:\/\/enoturismo.filipepalhoca.pt\/es\/experiencias\/familia-es\/programa-cosecha\/#breadcrumb\",\"itemListElement\":[{\"@type\":\"ListItem\",\"position\":1,\"name\":\"In\u00edcio\",\"item\":\"https:\/\/enoturismo.filipepalhoca.pt\/es\/\"},{\"@type\":\"ListItem\",\"position\":2,\"name\":\"Experi\u00eancias\",\"item\":\"https:\/\/enoturismo.filipepalhoca.pt\/experiencias\/\"},{\"@type\":\"ListItem\",\"position\":3,\"name\":\"Programa Cosecha 2024\"}]},{\"@type\":\"WebSite\",\"@id\":\"https:\/\/enoturismo.filipepalhoca.pt\/es\/#website\",\"url\":\"https:\/\/enoturismo.filipepalhoca.pt\/es\/\",\"name\":\"Enoturismo Filipe Palho\u00e7a\",\"description\":\"\",\"publisher\":{\"@id\":\"https:\/\/enoturismo.filipepalhoca.pt\/es\/#organization\"},\"potentialAction\":[{\"@type\":\"SearchAction\",\"target\":{\"@type\":\"EntryPoint\",\"urlTemplate\":\"https:\/\/enoturismo.filipepalhoca.pt\/es\/?s={search_term_string}\"},\"query-input\":{\"@type\":\"PropertyValueSpecification\",\"valueRequired\":true,\"valueName\":\"search_term_string\"}}],\"inLanguage\":\"es\"},{\"@type\":\"Organization\",\"@id\":\"https:\/\/enoturismo.filipepalhoca.pt\/es\/#organization\",\"name\":\"Filipe Palho\u00e7a\",\"url\":\"https:\/\/enoturismo.filipepalhoca.pt\/es\/\",\"logo\":{\"@type\":\"ImageObject\",\"inLanguage\":\"es\",\"@id\":\"https:\/\/enoturismo.filipepalhoca.pt\/es\/#\/schema\/logo\/image\/\",\"url\":\"https:\/\/enoturismo.filipepalhoca.pt\/wp-content\/uploads\/2023\/08\/logo-white.svg\",\"contentUrl\":\"https:\/\/enoturismo.filipepalhoca.pt\/wp-content\/uploads\/2023\/08\/logo-white.svg\",\"width\":370,\"height\":282,\"caption\":\"Filipe Palho\u00e7a\"},\"image\":{\"@id\":\"https:\/\/enoturismo.filipepalhoca.pt\/es\/#\/schema\/logo\/image\/\"},\"sameAs\":[\"https:\/\/www.facebook.com\/filipepalhoca\/\",\"https:\/\/www.instagram.com\/filipepalhoca\/\",\"https:\/\/www.linkedin.com\/company\/filipepalhoca\/\"]}]}<\/script>\n<!-- \/ Yoast SEO plugin. -->","yoast_head_json":{"title":"Programa Cosecha 2024 - Enoturismo Filipe Palho\u00e7a","robots":{"index":"index","follow":"follow","max-snippet":"max-snippet:-1","max-image-preview":"max-image-preview:large","max-video-preview":"max-video-preview:-1"},"canonical":"https:\/\/enoturismo.filipepalhoca.pt\/es\/experiencias\/familia-es\/programa-cosecha\/","og_locale":"es_ES","og_type":"article","og_title":"Programa Cosecha 2024 - Enoturismo Filipe Palho\u00e7a","og_description":"Venga a vivir la autenticidad del momento culminante del a\u00f1o: la cosecha de la uva. El 14 o el 21 de septiembre, venga a vendimiar con nosotros y viva el ambiente \u00fanico de nuestros vi\u00f1edos. Incluye visita guiada a la bodega, cata de vinos con tabla de quesos y almuerzo.","og_url":"https:\/\/enoturismo.filipepalhoca.pt\/es\/experiencias\/familia-es\/programa-cosecha\/","og_site_name":"Enoturismo Filipe Palho\u00e7a","article_publisher":"https:\/\/www.facebook.com\/filipepalhoca\/","article_modified_time":"2025-11-13T12:37:19+00:00","og_image":[{"width":1080,"height":1080,"url":"https:\/\/enoturismo.filipepalhoca.pt\/wp-content\/uploads\/2023\/08\/programa-de-vindima-2024.webp","type":"image\/webp"}],"twitter_card":"summary_large_image","twitter_misc":{"Tiempo de lectura":"1 minuto"},"schema":{"@context":"https:\/\/schema.org","@graph":[{"@type":"WebPage","@id":"https:\/\/enoturismo.filipepalhoca.pt\/es\/experiencias\/familia-es\/programa-cosecha\/","url":"https:\/\/enoturismo.filipepalhoca.pt\/es\/experiencias\/familia-es\/programa-cosecha\/","name":"Programa Cosecha 2024 - Enoturismo Filipe Palho\u00e7a","isPartOf":{"@id":"https:\/\/enoturismo.filipepalhoca.pt\/es\/#website"},"primaryImageOfPage":{"@id":"https:\/\/enoturismo.filipepalhoca.pt\/es\/experiencias\/familia-es\/programa-cosecha\/#primaryimage"},"image":{"@id":"https:\/\/enoturismo.filipepalhoca.pt\/es\/experiencias\/familia-es\/programa-cosecha\/#primaryimage"},"thumbnailUrl":"https:\/\/enoturismo.filipepalhoca.pt\/wp-content\/uploads\/2023\/08\/programa-de-vindima-2024.webp","datePublished":"2023-08-08T13:40:28+00:00","dateModified":"2025-11-13T12:37:19+00:00","breadcrumb":{"@id":"https:\/\/enoturismo.filipepalhoca.pt\/es\/experiencias\/familia-es\/programa-cosecha\/#breadcrumb"},"inLanguage":"es","potentialAction":[{"@type":"ReadAction","target":["https:\/\/enoturismo.filipepalhoca.pt\/es\/experiencias\/familia-es\/programa-cosecha\/"]}]},{"@type":"ImageObject","inLanguage":"es","@id":"https:\/\/enoturismo.filipepalhoca.pt\/es\/experiencias\/familia-es\/programa-cosecha\/#primaryimage","url":"https:\/\/enoturismo.filipepalhoca.pt\/wp-content\/uploads\/2023\/08\/programa-de-vindima-2024.webp","contentUrl":"https:\/\/enoturismo.filipepalhoca.pt\/wp-content\/uploads\/2023\/08\/programa-de-vindima-2024.webp","width":1080,"height":1080},{"@type":"BreadcrumbList","@id":"https:\/\/enoturismo.filipepalhoca.pt\/es\/experiencias\/familia-es\/programa-cosecha\/#breadcrumb","itemListElement":[{"@type":"ListItem","position":1,"name":"In\u00edcio","item":"https:\/\/enoturismo.filipepalhoca.pt\/es\/"},{"@type":"ListItem","position":2,"name":"Experi\u00eancias","item":"https:\/\/enoturismo.filipepalhoca.pt\/experiencias\/"},{"@type":"ListItem","position":3,"name":"Programa Cosecha 2024"}]},{"@type":"WebSite","@id":"https:\/\/enoturismo.filipepalhoca.pt\/es\/#website","url":"https:\/\/enoturismo.filipepalhoca.pt\/es\/","name":"Enoturismo Filipe Palho\u00e7a","description":"","publisher":{"@id":"https:\/\/enoturismo.filipepalhoca.pt\/es\/#organization"},"potentialAction":[{"@type":"SearchAction","target":{"@type":"EntryPoint","urlTemplate":"https:\/\/enoturismo.filipepalhoca.pt\/es\/?s={search_term_string}"},"query-input":{"@type":"PropertyValueSpecification","valueRequired":true,"valueName":"search_term_string"}}],"inLanguage":"es"},{"@type":"Organization","@id":"https:\/\/enoturismo.filipepalhoca.pt\/es\/#organization","name":"Filipe Palho\u00e7a","url":"https:\/\/enoturismo.filipepalhoca.pt\/es\/","logo":{"@type":"ImageObject","inLanguage":"es","@id":"https:\/\/enoturismo.filipepalhoca.pt\/es\/#\/schema\/logo\/image\/","url":"https:\/\/enoturismo.filipepalhoca.pt\/wp-content\/uploads\/2023\/08\/logo-white.svg","contentUrl":"https:\/\/enoturismo.filipepalhoca.pt\/wp-content\/uploads\/2023\/08\/logo-white.svg","width":370,"height":282,"caption":"Filipe Palho\u00e7a"},"image":{"@id":"https:\/\/enoturismo.filipepalhoca.pt\/es\/#\/schema\/logo\/image\/"},"sameAs":["https:\/\/www.facebook.com\/filipepalhoca\/","https:\/\/www.instagram.com\/filipepalhoca\/","https:\/\/www.linkedin.com\/company\/filipepalhoca\/"]}]}},"_links":{"self":[{"href":"https:\/\/enoturismo.filipepalhoca.pt\/es\/wp-json\/wp\/v2\/product\/1251","targetHints":{"allow":["GET"]}}],"collection":[{"href":"https:\/\/enoturismo.filipepalhoca.pt\/es\/wp-json\/wp\/v2\/product"}],"about":[{"href":"https:\/\/enoturismo.filipepalhoca.pt\/es\/wp-json\/wp\/v2\/types\/product"}],"replies":[{"embeddable":true,"href":"https:\/\/enoturismo.filipepalhoca.pt\/es\/wp-json\/wp\/v2\/comments?post=1251"}],"version-history":[{"count":1,"href":"https:\/\/enoturismo.filipepalhoca.pt\/es\/wp-json\/wp\/v2\/product\/1251\/revisions"}],"predecessor-version":[{"id":1653,"href":"https:\/\/enoturismo.filipepalhoca.pt\/es\/wp-json\/wp\/v2\/product\/1251\/revisions\/1653"}],"wp:featuredmedia":[{"embeddable":true,"href":"https:\/\/enoturismo.filipepalhoca.pt\/es\/wp-json\/wp\/v2\/media\/926"}],"wp:attachment":[{"href":"https:\/\/enoturismo.filipepalhoca.pt\/es\/wp-json\/wp\/v2\/media?parent=1251"}],"wp:term":[{"taxonomy":"product_brand","embeddable":true,"href":"https:\/\/enoturismo.filipepalhoca.pt\/es\/wp-json\/wp\/v2\/product_brand?post=1251"},{"taxonomy":"product_cat","embeddable":true,"href":"https:\/\/enoturismo.filipepalhoca.pt\/es\/wp-json\/wp\/v2\/product_cat?post=1251"},{"taxonomy":"product_tag","embeddable":true,"href":"https:\/\/enoturismo.filipepalhoca.pt\/es\/wp-json\/wp\/v2\/product_tag?post=1251"}],"curies":[{"name":"wp","href":"https:\/\/api.w.org\/{rel}","templated":true}]}}