{"id":1878,"date":"2026-02-10T17:15:47","date_gmt":"2026-02-10T17:15:47","guid":{"rendered":"https:\/\/enoturismo.filipepalhoca.pt\/?post_type=product&#038;p=1878"},"modified":"2026-02-10T17:20:33","modified_gmt":"2026-02-10T17:20:33","slug":"picnic-in-the-vineyards-2-people-copia-copia-copia-copia","status":"publish","type":"product","link":"https:\/\/enoturismo.filipepalhoca.pt\/en\/experiences\/family\/picnic-in-the-vineyards-2-people-copia-copia-copia-copia\/","title":{"rendered":"Picnic in the vineyards (2 people) (C\u00f3pia) (C\u00f3pia) (C\u00f3pia) (C\u00f3pia)"},"content":{"rendered":"<p><strong>Notes<\/strong> Languages: Portuguese and English. Prices include VAT at the legal rate in force. Wine tasting only allowed for people over 18.  <\/p>\n","protected":false},"excerpt":{"rendered":"<p>Come and enjoy a unique experience at Quinta da Invejosa! Enjoy a delicious picnic, prepared for 2 people, which includes: cheese and charcuterie, bread and toast, seasonal fruit, cake and a bottle of wine. <\/p>\n","protected":false},"featured_media":1824,"comment_status":"open","ping_status":"closed","template":"","meta":[],"product_brand":[],"product_cat":[27],"product_tag":[],"class_list":{"0":"post-1878","1":"product","2":"type-product","3":"status-publish","4":"has-post-thumbnail","6":"product_cat-family","8":"first","9":"instock","10":"sold-individually","11":"shipping-taxable","12":"purchasable","13":"product-type-phive_booking"},"yoast_head":"<!-- This site is optimized with the Yoast SEO plugin v25.9 - https:\/\/yoast.com\/wordpress\/plugins\/seo\/ -->\n<title>Picnic in the vineyards (2 people) (C\u00f3pia) (C\u00f3pia) (C\u00f3pia) (C\u00f3pia) - Enoturismo Filipe Palho\u00e7a<\/title>\n<meta name=\"robots\" content=\"index, follow, max-snippet:-1, max-image-preview:large, max-video-preview:-1\" \/>\n<link rel=\"canonical\" href=\"https:\/\/enoturismo.filipepalhoca.pt\/en\/experiences\/family\/picnic-in-the-vineyards-2-people-copia-copia-copia-copia\/\" \/>\n<meta property=\"og:locale\" content=\"en_US\" \/>\n<meta property=\"og:type\" content=\"article\" \/>\n<meta property=\"og:title\" content=\"Picnic in the vineyards (2 people) (C\u00f3pia) (C\u00f3pia) (C\u00f3pia) (C\u00f3pia) - Enoturismo Filipe Palho\u00e7a\" \/>\n<meta property=\"og:description\" content=\"Come and enjoy a unique experience at Quinta da Invejosa! Enjoy a delicious picnic, prepared for 2 people, which includes: cheese and charcuterie, bread and toast, seasonal fruit, cake and a bottle of wine.\" \/>\n<meta property=\"og:url\" content=\"https:\/\/enoturismo.filipepalhoca.pt\/en\/experiences\/family\/picnic-in-the-vineyards-2-people-copia-copia-copia-copia\/\" \/>\n<meta property=\"og:site_name\" content=\"Enoturismo Filipe Palho\u00e7a\" \/>\n<meta property=\"article:publisher\" content=\"https:\/\/www.facebook.com\/filipepalhoca\/\" \/>\n<meta property=\"article:modified_time\" content=\"2026-02-10T17:20:33+00:00\" \/>\n<meta property=\"og:image\" content=\"https:\/\/enoturismo.filipepalhoca.pt\/wp-content\/uploads\/2026\/02\/experiencia_selecao.webp\" \/>\n\t<meta property=\"og:image:width\" content=\"1000\" \/>\n\t<meta property=\"og:image:height\" content=\"1000\" \/>\n\t<meta property=\"og:image:type\" content=\"image\/webp\" \/>\n<meta name=\"twitter:card\" content=\"summary_large_image\" \/>\n<script type=\"application\/ld+json\" class=\"yoast-schema-graph\">{\"@context\":\"https:\/\/schema.org\",\"@graph\":[{\"@type\":\"WebPage\",\"@id\":\"https:\/\/enoturismo.filipepalhoca.pt\/en\/experiences\/family\/picnic-in-the-vineyards-2-people-copia-copia-copia-copia\/\",\"url\":\"https:\/\/enoturismo.filipepalhoca.pt\/en\/experiences\/family\/picnic-in-the-vineyards-2-people-copia-copia-copia-copia\/\",\"name\":\"Picnic in the vineyards (2 people) (C\u00f3pia) (C\u00f3pia) (C\u00f3pia) (C\u00f3pia) - Enoturismo Filipe Palho\u00e7a\",\"isPartOf\":{\"@id\":\"https:\/\/enoturismo.filipepalhoca.pt\/en\/#website\"},\"primaryImageOfPage\":{\"@id\":\"https:\/\/enoturismo.filipepalhoca.pt\/en\/experiences\/family\/picnic-in-the-vineyards-2-people-copia-copia-copia-copia\/#primaryimage\"},\"image\":{\"@id\":\"https:\/\/enoturismo.filipepalhoca.pt\/en\/experiences\/family\/picnic-in-the-vineyards-2-people-copia-copia-copia-copia\/#primaryimage\"},\"thumbnailUrl\":\"https:\/\/enoturismo.filipepalhoca.pt\/wp-content\/uploads\/2026\/02\/experiencia_selecao.webp\",\"datePublished\":\"2026-02-10T17:15:47+00:00\",\"dateModified\":\"2026-02-10T17:20:33+00:00\",\"breadcrumb\":{\"@id\":\"https:\/\/enoturismo.filipepalhoca.pt\/en\/experiences\/family\/picnic-in-the-vineyards-2-people-copia-copia-copia-copia\/#breadcrumb\"},\"inLanguage\":\"en-US\",\"potentialAction\":[{\"@type\":\"ReadAction\",\"target\":[\"https:\/\/enoturismo.filipepalhoca.pt\/en\/experiences\/family\/picnic-in-the-vineyards-2-people-copia-copia-copia-copia\/\"]}]},{\"@type\":\"ImageObject\",\"inLanguage\":\"en-US\",\"@id\":\"https:\/\/enoturismo.filipepalhoca.pt\/en\/experiences\/family\/picnic-in-the-vineyards-2-people-copia-copia-copia-copia\/#primaryimage\",\"url\":\"https:\/\/enoturismo.filipepalhoca.pt\/wp-content\/uploads\/2026\/02\/experiencia_selecao.webp\",\"contentUrl\":\"https:\/\/enoturismo.filipepalhoca.pt\/wp-content\/uploads\/2026\/02\/experiencia_selecao.webp\",\"width\":1000,\"height\":1000},{\"@type\":\"BreadcrumbList\",\"@id\":\"https:\/\/enoturismo.filipepalhoca.pt\/en\/experiences\/family\/picnic-in-the-vineyards-2-people-copia-copia-copia-copia\/#breadcrumb\",\"itemListElement\":[{\"@type\":\"ListItem\",\"position\":1,\"name\":\"In\u00edcio\",\"item\":\"https:\/\/enoturismo.filipepalhoca.pt\/en\/\"},{\"@type\":\"ListItem\",\"position\":2,\"name\":\"Experi\u00eancias\",\"item\":\"https:\/\/enoturismo.filipepalhoca.pt\/experiencias\/\"},{\"@type\":\"ListItem\",\"position\":3,\"name\":\"Picnic in the vineyards (2 people) (C\u00f3pia) (C\u00f3pia) (C\u00f3pia) (C\u00f3pia)\"}]},{\"@type\":\"WebSite\",\"@id\":\"https:\/\/enoturismo.filipepalhoca.pt\/en\/#website\",\"url\":\"https:\/\/enoturismo.filipepalhoca.pt\/en\/\",\"name\":\"Enoturismo Filipe Palho\u00e7a\",\"description\":\"\",\"publisher\":{\"@id\":\"https:\/\/enoturismo.filipepalhoca.pt\/en\/#organization\"},\"potentialAction\":[{\"@type\":\"SearchAction\",\"target\":{\"@type\":\"EntryPoint\",\"urlTemplate\":\"https:\/\/enoturismo.filipepalhoca.pt\/en\/?s={search_term_string}\"},\"query-input\":{\"@type\":\"PropertyValueSpecification\",\"valueRequired\":true,\"valueName\":\"search_term_string\"}}],\"inLanguage\":\"en-US\"},{\"@type\":\"Organization\",\"@id\":\"https:\/\/enoturismo.filipepalhoca.pt\/en\/#organization\",\"name\":\"Filipe Palho\u00e7a\",\"url\":\"https:\/\/enoturismo.filipepalhoca.pt\/en\/\",\"logo\":{\"@type\":\"ImageObject\",\"inLanguage\":\"en-US\",\"@id\":\"https:\/\/enoturismo.filipepalhoca.pt\/en\/#\/schema\/logo\/image\/\",\"url\":\"https:\/\/enoturismo.filipepalhoca.pt\/wp-content\/uploads\/2023\/08\/logo-white.svg\",\"contentUrl\":\"https:\/\/enoturismo.filipepalhoca.pt\/wp-content\/uploads\/2023\/08\/logo-white.svg\",\"width\":370,\"height\":282,\"caption\":\"Filipe Palho\u00e7a\"},\"image\":{\"@id\":\"https:\/\/enoturismo.filipepalhoca.pt\/en\/#\/schema\/logo\/image\/\"},\"sameAs\":[\"https:\/\/www.facebook.com\/filipepalhoca\/\",\"https:\/\/www.instagram.com\/filipepalhoca\/\",\"https:\/\/www.linkedin.com\/company\/filipepalhoca\/\"]}]}<\/script>\n<!-- \/ Yoast SEO plugin. -->","yoast_head_json":{"title":"Picnic in the vineyards (2 people) (C\u00f3pia) (C\u00f3pia) (C\u00f3pia) (C\u00f3pia) - Enoturismo Filipe Palho\u00e7a","robots":{"index":"index","follow":"follow","max-snippet":"max-snippet:-1","max-image-preview":"max-image-preview:large","max-video-preview":"max-video-preview:-1"},"canonical":"https:\/\/enoturismo.filipepalhoca.pt\/en\/experiences\/family\/picnic-in-the-vineyards-2-people-copia-copia-copia-copia\/","og_locale":"en_US","og_type":"article","og_title":"Picnic in the vineyards (2 people) (C\u00f3pia) (C\u00f3pia) (C\u00f3pia) (C\u00f3pia) - Enoturismo Filipe Palho\u00e7a","og_description":"Come and enjoy a unique experience at Quinta da Invejosa! Enjoy a delicious picnic, prepared for 2 people, which includes: cheese and charcuterie, bread and toast, seasonal fruit, cake and a bottle of wine.","og_url":"https:\/\/enoturismo.filipepalhoca.pt\/en\/experiences\/family\/picnic-in-the-vineyards-2-people-copia-copia-copia-copia\/","og_site_name":"Enoturismo Filipe Palho\u00e7a","article_publisher":"https:\/\/www.facebook.com\/filipepalhoca\/","article_modified_time":"2026-02-10T17:20:33+00:00","og_image":[{"width":1000,"height":1000,"url":"https:\/\/enoturismo.filipepalhoca.pt\/wp-content\/uploads\/2026\/02\/experiencia_selecao.webp","type":"image\/webp"}],"twitter_card":"summary_large_image","schema":{"@context":"https:\/\/schema.org","@graph":[{"@type":"WebPage","@id":"https:\/\/enoturismo.filipepalhoca.pt\/en\/experiences\/family\/picnic-in-the-vineyards-2-people-copia-copia-copia-copia\/","url":"https:\/\/enoturismo.filipepalhoca.pt\/en\/experiences\/family\/picnic-in-the-vineyards-2-people-copia-copia-copia-copia\/","name":"Picnic in the vineyards (2 people) (C\u00f3pia) (C\u00f3pia) (C\u00f3pia) (C\u00f3pia) - Enoturismo Filipe Palho\u00e7a","isPartOf":{"@id":"https:\/\/enoturismo.filipepalhoca.pt\/en\/#website"},"primaryImageOfPage":{"@id":"https:\/\/enoturismo.filipepalhoca.pt\/en\/experiences\/family\/picnic-in-the-vineyards-2-people-copia-copia-copia-copia\/#primaryimage"},"image":{"@id":"https:\/\/enoturismo.filipepalhoca.pt\/en\/experiences\/family\/picnic-in-the-vineyards-2-people-copia-copia-copia-copia\/#primaryimage"},"thumbnailUrl":"https:\/\/enoturismo.filipepalhoca.pt\/wp-content\/uploads\/2026\/02\/experiencia_selecao.webp","datePublished":"2026-02-10T17:15:47+00:00","dateModified":"2026-02-10T17:20:33+00:00","breadcrumb":{"@id":"https:\/\/enoturismo.filipepalhoca.pt\/en\/experiences\/family\/picnic-in-the-vineyards-2-people-copia-copia-copia-copia\/#breadcrumb"},"inLanguage":"en-US","potentialAction":[{"@type":"ReadAction","target":["https:\/\/enoturismo.filipepalhoca.pt\/en\/experiences\/family\/picnic-in-the-vineyards-2-people-copia-copia-copia-copia\/"]}]},{"@type":"ImageObject","inLanguage":"en-US","@id":"https:\/\/enoturismo.filipepalhoca.pt\/en\/experiences\/family\/picnic-in-the-vineyards-2-people-copia-copia-copia-copia\/#primaryimage","url":"https:\/\/enoturismo.filipepalhoca.pt\/wp-content\/uploads\/2026\/02\/experiencia_selecao.webp","contentUrl":"https:\/\/enoturismo.filipepalhoca.pt\/wp-content\/uploads\/2026\/02\/experiencia_selecao.webp","width":1000,"height":1000},{"@type":"BreadcrumbList","@id":"https:\/\/enoturismo.filipepalhoca.pt\/en\/experiences\/family\/picnic-in-the-vineyards-2-people-copia-copia-copia-copia\/#breadcrumb","itemListElement":[{"@type":"ListItem","position":1,"name":"In\u00edcio","item":"https:\/\/enoturismo.filipepalhoca.pt\/en\/"},{"@type":"ListItem","position":2,"name":"Experi\u00eancias","item":"https:\/\/enoturismo.filipepalhoca.pt\/experiencias\/"},{"@type":"ListItem","position":3,"name":"Picnic in the vineyards (2 people) (C\u00f3pia) (C\u00f3pia) (C\u00f3pia) (C\u00f3pia)"}]},{"@type":"WebSite","@id":"https:\/\/enoturismo.filipepalhoca.pt\/en\/#website","url":"https:\/\/enoturismo.filipepalhoca.pt\/en\/","name":"Enoturismo Filipe Palho\u00e7a","description":"","publisher":{"@id":"https:\/\/enoturismo.filipepalhoca.pt\/en\/#organization"},"potentialAction":[{"@type":"SearchAction","target":{"@type":"EntryPoint","urlTemplate":"https:\/\/enoturismo.filipepalhoca.pt\/en\/?s={search_term_string}"},"query-input":{"@type":"PropertyValueSpecification","valueRequired":true,"valueName":"search_term_string"}}],"inLanguage":"en-US"},{"@type":"Organization","@id":"https:\/\/enoturismo.filipepalhoca.pt\/en\/#organization","name":"Filipe Palho\u00e7a","url":"https:\/\/enoturismo.filipepalhoca.pt\/en\/","logo":{"@type":"ImageObject","inLanguage":"en-US","@id":"https:\/\/enoturismo.filipepalhoca.pt\/en\/#\/schema\/logo\/image\/","url":"https:\/\/enoturismo.filipepalhoca.pt\/wp-content\/uploads\/2023\/08\/logo-white.svg","contentUrl":"https:\/\/enoturismo.filipepalhoca.pt\/wp-content\/uploads\/2023\/08\/logo-white.svg","width":370,"height":282,"caption":"Filipe Palho\u00e7a"},"image":{"@id":"https:\/\/enoturismo.filipepalhoca.pt\/en\/#\/schema\/logo\/image\/"},"sameAs":["https:\/\/www.facebook.com\/filipepalhoca\/","https:\/\/www.instagram.com\/filipepalhoca\/","https:\/\/www.linkedin.com\/company\/filipepalhoca\/"]}]}},"_links":{"self":[{"href":"https:\/\/enoturismo.filipepalhoca.pt\/en\/wp-json\/wp\/v2\/product\/1878","targetHints":{"allow":["GET"]}}],"collection":[{"href":"https:\/\/enoturismo.filipepalhoca.pt\/en\/wp-json\/wp\/v2\/product"}],"about":[{"href":"https:\/\/enoturismo.filipepalhoca.pt\/en\/wp-json\/wp\/v2\/types\/product"}],"replies":[{"embeddable":true,"href":"https:\/\/enoturismo.filipepalhoca.pt\/en\/wp-json\/wp\/v2\/comments?post=1878"}],"version-history":[{"count":1,"href":"https:\/\/enoturismo.filipepalhoca.pt\/en\/wp-json\/wp\/v2\/product\/1878\/revisions"}],"predecessor-version":[{"id":1883,"href":"https:\/\/enoturismo.filipepalhoca.pt\/en\/wp-json\/wp\/v2\/product\/1878\/revisions\/1883"}],"wp:featuredmedia":[{"embeddable":true,"href":"https:\/\/enoturismo.filipepalhoca.pt\/en\/wp-json\/wp\/v2\/media\/1824"}],"wp:attachment":[{"href":"https:\/\/enoturismo.filipepalhoca.pt\/en\/wp-json\/wp\/v2\/media?parent=1878"}],"wp:term":[{"taxonomy":"product_brand","embeddable":true,"href":"https:\/\/enoturismo.filipepalhoca.pt\/en\/wp-json\/wp\/v2\/product_brand?post=1878"},{"taxonomy":"product_cat","embeddable":true,"href":"https:\/\/enoturismo.filipepalhoca.pt\/en\/wp-json\/wp\/v2\/product_cat?post=1878"},{"taxonomy":"product_tag","embeddable":true,"href":"https:\/\/enoturismo.filipepalhoca.pt\/en\/wp-json\/wp\/v2\/product_tag?post=1878"}],"curies":[{"name":"wp","href":"https:\/\/api.w.org\/{rel}","templated":true}]}}